{"id":544,"date":"2026-04-16T23:19:06","date_gmt":"2026-04-16T21:19:06","guid":{"rendered":"https:\/\/machupicchubookingperu.com\/?page_id=544"},"modified":"2026-04-17T00:56:46","modified_gmt":"2026-04-16T22:56:46","slug":"caminata-a-salkantay-machupicchu-5-dias","status":"publish","type":"page","link":"https:\/\/machupicchubookingperu.com\/index.php\/caminata-a-salkantay-machupicchu-5-dias\/","title":{"rendered":"Caminata a Salkantay  &#8211; Machupicchu 5 d\u00edas"},"content":{"rendered":"\n\n\n<h2 class=\"wp-block-heading\"><strong>Descripci\u00f3n:<\/strong><\/h2>\n\n\n\n<p>Una alternativa para llegar a Machu Picchu, la ruta de Salkantay Machu Picchu, es considerado una de<br>las mejores por NatGeo, y el nivel de dificultad es similar a la del Camino Inca Cl\u00e1sico. Esta ser\u00e1 una<br>aventura emocionante para quienes gustan disfrutar de la naturaleza en todo su esplendor y caminar<br>rodeado de paisajes hermosos. Somos operadores directos en Cusco, no le pasaremos a ninguna otra<br>agencia.<br>Punto de inicio: Cusco Punto de llegada: Cusco Actividad: Arqueol\u00f3gico, Cultural, Camping,<br>Ecol\u00f3gica, caminata.<br>(D) = desayuno\/ (A) = almuerzo \/ (C) = cena<\/p>\n\n\n\n<h4 class=\"wp-block-heading\">DIA 1: CUSCO \u2013 MOLLEPATA \u2013 SORAYPAMPA (A) (C):<\/h4>\n\n\n\n<p>Recojo del hotel (5:00 a.m aprox.) abordamos el carro con direcci\u00f3n al poblado de Mollepata<br>aproximadamente 2,5 horas, al llegar al poblado desayunaremos (no incluido) luego continuaremos en<br>carro hasta llegar a CHALLACANCHA para dar inicio a nuestra caminata 2 a 3 horas<br>aproximadamente POR UN CAMINO Y CANAL INKA, HASTA LLEGAR A SORAYPAMPA<br>donde tendremos nuestro almuerzo. Por la tarde se puede aprovechar para visitar la Laguna de<br>Humantay (4200 msnm), son 2 hs de subida y 1h de bajada hasta el campamento de Soraypampa (3850<br>msnm) y all\u00ed pernoctaremos despu\u00e9s de nuestra cena.<\/p>\n\n\n\n<figure class=\"wp-block-image size-full\"><img loading=\"lazy\" decoding=\"async\" width=\"1024\" height=\"768\" src=\"https:\/\/machupicchubookingperu.com\/wp-content\/uploads\/2026\/04\/WhatsApp-Image-2026-04-16-at-3.56.52-PM.jpeg\" alt=\"\" class=\"wp-image-547\" srcset=\"https:\/\/machupicchubookingperu.com\/wp-content\/uploads\/2026\/04\/WhatsApp-Image-2026-04-16-at-3.56.52-PM.jpeg 1024w, https:\/\/machupicchubookingperu.com\/wp-content\/uploads\/2026\/04\/WhatsApp-Image-2026-04-16-at-3.56.52-PM-300x225.jpeg 300w, https:\/\/machupicchubookingperu.com\/wp-content\/uploads\/2026\/04\/WhatsApp-Image-2026-04-16-at-3.56.52-PM-768x576.jpeg 768w\" sizes=\"(max-width: 1024px) 100vw, 1024px\" \/><\/figure>\n\n\n\n<h4 class=\"wp-block-heading\"><br><strong>DIA 2: SORAYPAMPA \u2013 CHAULLAY (D) (A) (C):<\/strong><\/h4>\n\n\n\n<p> Muy temprano por la ma\u00f1ana partiremos de nuestro campamento, despu\u00e9s de un fortificante desayuno con direcci\u00f3n al nevado Salkantay (4.620 m.s.n.m.) que es el punto m\u00e1s alto de toda la ruta por aproximadamente 4 horas ascenderemos este primer paso en donde tendremos un breve descanso para poder tomar las impresionantes vistas que se apreciar\u00e1 desde este punto. Durante el trayecto nos encontraremos con varios mont\u00edculos de piedras denominados Apachetas. Despu\u00e9s descenderemos por aproximadamente 2 hs hasta Wayracmachay donde almorzaremos y despu\u00e9s seguiremos caminando por 3 horas aprox. hasta llegar a Chaullay en donde se encuentra nuestro segundo campamento. Cena y Pernocte.<\/p>\n\n\n\n<figure class=\"wp-block-image size-large\"><img loading=\"lazy\" decoding=\"async\" width=\"1024\" height=\"640\" src=\"https:\/\/machupicchubookingperu.com\/wp-content\/uploads\/2026\/04\/Campamento-Soraypampa-1024x640.jpg\" alt=\"\" class=\"wp-image-548\" srcset=\"https:\/\/machupicchubookingperu.com\/wp-content\/uploads\/2026\/04\/Campamento-Soraypampa-1024x640.jpg 1024w, https:\/\/machupicchubookingperu.com\/wp-content\/uploads\/2026\/04\/Campamento-Soraypampa-300x188.jpg 300w, https:\/\/machupicchubookingperu.com\/wp-content\/uploads\/2026\/04\/Campamento-Soraypampa-768x480.jpg 768w, https:\/\/machupicchubookingperu.com\/wp-content\/uploads\/2026\/04\/Campamento-Soraypampa.jpg 1200w\" sizes=\"(max-width: 1024px) 100vw, 1024px\" \/><\/figure>\n\n\n\n<h4 class=\"wp-block-heading\"><br>DIA 3: CHAULLAY \u2013 LA PLAYA (Sawayaco) \u2013 SANTA TERESA (D) (A) (C):<\/h4>\n\n\n\n<p>Despu\u00e9s de nuestro desayuno partimos de chaullay a las 7:00 am. aprox. para continuar con nuestra<br>caminata con direcci\u00f3n a Collcapampa en donde pasaremos por estrechos senderos con abundante flora<br>propias de la zona como los diferentes tipos de orqu\u00eddeas y cascadas que se ver\u00e1 durante todo el<br>trayecto. Despu\u00e9s de 5 horas de caminata<br>Finalmente llegaremos a Sawayaco denominado tambi\u00e9n la playa en donde tendremos el almuerzo y<br>luego tomaremos un carro con direcci\u00f3n a Santa Teresa poblado que se encuentra a 1.645 m.s.n.m por<br>aproximadamente 45 minutos nosotros estaremos en Santa Teresa alrededor de la 3.00 pm en donde<\/p>\n\n\n\n<figure class=\"wp-block-image size-large\"><img loading=\"lazy\" decoding=\"async\" width=\"1024\" height=\"640\" src=\"https:\/\/machupicchubookingperu.com\/wp-content\/uploads\/2026\/04\/Chaullay-1024x640.jpg\" alt=\"\" class=\"wp-image-551\" srcset=\"https:\/\/machupicchubookingperu.com\/wp-content\/uploads\/2026\/04\/Chaullay-1024x640.jpg 1024w, https:\/\/machupicchubookingperu.com\/wp-content\/uploads\/2026\/04\/Chaullay-300x188.jpg 300w, https:\/\/machupicchubookingperu.com\/wp-content\/uploads\/2026\/04\/Chaullay-768x480.jpg 768w, https:\/\/machupicchubookingperu.com\/wp-content\/uploads\/2026\/04\/Chaullay.jpg 1200w\" sizes=\"(max-width: 1024px) 100vw, 1024px\" \/><\/figure>\n\n\n\n<p>DIA 4: SANTA TERESA \u2013 HIDROELECTRICA \u2013 AGUAS CALIENTES (D) (A) (C):<br>A las 8:00 a.m. Aprox. de la ma\u00f1ana despu\u00e9s de tomar nuestro desayuno iremos en carro por<br>aproximadamente 30 minutos hasta llegar a Hidroel\u00e9ctrica, despu\u00e9s de llegar a Hidroel\u00e9ctrica<br>continuaremos caminando aproximadamente 3 horas hasta llegar a Aguas calientes. Llegando a aguas<br>calientes donde almorzaremos y nos instalaremos en el hospedaje y coordinaremos el ascenso del d\u00eda<br>siguiente a la ciudad de Machu Picchu.<\/p>\n\n\n\n<figure class=\"wp-block-image size-large\"><img loading=\"lazy\" decoding=\"async\" width=\"1024\" height=\"576\" src=\"https:\/\/machupicchubookingperu.com\/wp-content\/uploads\/2026\/04\/salkantay-trek-kb-adventures-1-1024x576.jpg\" alt=\"\" class=\"wp-image-552\" srcset=\"https:\/\/machupicchubookingperu.com\/wp-content\/uploads\/2026\/04\/salkantay-trek-kb-adventures-1-1024x576.jpg 1024w, https:\/\/machupicchubookingperu.com\/wp-content\/uploads\/2026\/04\/salkantay-trek-kb-adventures-1-300x169.jpg 300w, https:\/\/machupicchubookingperu.com\/wp-content\/uploads\/2026\/04\/salkantay-trek-kb-adventures-1-768x432.jpg 768w, https:\/\/machupicchubookingperu.com\/wp-content\/uploads\/2026\/04\/salkantay-trek-kb-adventures-1-1536x864.jpg 1536w, https:\/\/machupicchubookingperu.com\/wp-content\/uploads\/2026\/04\/salkantay-trek-kb-adventures-1.jpg 1920w\" sizes=\"(max-width: 1024px) 100vw, 1024px\" \/><\/figure>\n\n\n\n<p><br>DIA 5: AGUAS CALIENTES \u2013 MACHUPICCHU \u2013 CUSCO ( D ) : Muy temprano por la ma\u00f1ana<br>(5:30 am) tomaremos nuestro desayuno (incluido en el hospedaje) para transportarnos en el primer<br>bus que nos llevara hasta el santuario de Machu Picchu por 30 minutos aproximadamente.<br>Luego tendremos nuestra visita guiada por aproximadamente 2 horas en donde el gu\u00eda nos llevara por<br>los lugares m\u00e1s importantes de la ciudadela, despu\u00e9s de nuestra visita nosotros tendremos el resto de<br>horas libre para poder tomar fotos y recorrer por nuestra cuenta en Machu Picchu (el tiempo depende<br>mucho del horario de tren que se le otorgue ya que tiene que estar media hora antes de la salida de<br>su tren en la estaci\u00f3n), la otra opci\u00f3n es subir al Huayna Picchu o Monta\u00f1a (no incluido) para<br>poder apreciar la impresionante vista de toda la ciudadela. Finalmente nosotros tomaremos el bus de<br>retorno a Aguas Calientes para luego ir a la estaci\u00f3n y esperar nuestro tren que nos llevar\u00e1 de regreso<br>al poblado de Ollantaytambo y luego en bus hasta Cusco en donde nosotros estaremos<br>aproximadamente 10:30 pm.<br>Fin de nuestro servicio<\/p>\n\n\n\n<figure class=\"wp-block-image size-full\"><img loading=\"lazy\" decoding=\"async\" width=\"960\" height=\"540\" src=\"https:\/\/machupicchubookingperu.com\/wp-content\/uploads\/2026\/04\/Mujer-en-Machu-Picchu-1.jpg\" alt=\"\" class=\"wp-image-555\" srcset=\"https:\/\/machupicchubookingperu.com\/wp-content\/uploads\/2026\/04\/Mujer-en-Machu-Picchu-1.jpg 960w, https:\/\/machupicchubookingperu.com\/wp-content\/uploads\/2026\/04\/Mujer-en-Machu-Picchu-1-300x169.jpg 300w, https:\/\/machupicchubookingperu.com\/wp-content\/uploads\/2026\/04\/Mujer-en-Machu-Picchu-1-768x432.jpg 768w\" sizes=\"(max-width: 960px) 100vw, 960px\" \/><\/figure>\n\n\n\n<p><strong>EL TOUR INCLUYE: <\/strong><\/p>\n\n\n\n<ul class=\"wp-block-list\">\n<li>Recojo del hotel.<\/li>\n\n\n\n<li>Transporte Challacancha.Cusco-Mollepata,<\/li>\n\n\n\n<li>Arrieros y Mulas solo para el equipo de campamento y cocina.<\/li>\n\n\n\n<li>Equipo de campamento (carpas, aislantes, mesas, sillas, etc.) <\/li>\n\n\n\n<li>Carga en caballo de sus cosas m\u00e1ximo 6 kilos por persona.<\/li>\n\n\n\n<li>Gu\u00eda Oficial de turismo. <\/li>\n\n\n\n<li>Botiqu\u00edn y Bal\u00f3n de ox\u00edgeno.<\/li>\n\n\n\n<li><\/li>\n\n\n\n<li>4 Desayunos \u2013 4 Almuerzos \u2013 4 Cenas. <\/li>\n\n\n\n<li>Cocinero.<\/li>\n\n\n\n<li>1 noche en Aguas Calientes Pueblo.<\/li>\n\n\n\n<li>Ingreso a Machupicchu.<\/li>\n\n\n\n<li>Tren expedition tur\u00edstico de retorno Aguas Calientes \u2013 Ollantaytambo. <\/li>\n\n\n\n<li>Traslado en carro de Ollantaytambo \u2013 Cusco.<\/li>\n<\/ul>\n\n\n\n<p><strong>NO INCLUYE: <\/strong><\/p>\n\n\n\n<ul class=\"wp-block-list\">\n<li>El primer desayuno. <\/li>\n\n\n\n<li> Bus de subida y bajada Aguas calientes machupicchu<\/li>\n\n\n\n<li>El \u00faltimo almuerzo.<\/li>\n\n\n\n<li>Ingreso a HuaynaPicchu o Monta\u00f1a<\/li>\n\n\n\n<li>Bolsa de dormir<\/li>\n<\/ul>\n\n\n\n<p><strong>RECOMENDACIONES Y LOM QUE DEBE LLEVAR:<\/strong><\/p>\n\n\n\n<ul class=\"wp-block-list\">\n<li>Una mochila ligera con cambio de ropa para todo el per\u00edodo de la caminata; prep\u00e1rese para una amplia variaci\u00f3n de temperaturas.<\/li>\n\n\n\n<li>Ropa impermeable (chaqueta y pantal\u00f3n, si es posible) o poncho de lluvia.<\/li>\n\n\n\n<li>Los ponchos de pl\u00e1stico se pueden comprar por aproximadamente $1 en Cusco.<\/li>\n\n\n\n<li>Calzado resistente; se recomiendan botas de trekking impermeables.<\/li>\n\n\n\n<li>Medias (calcetines) adicionales son imprescindibles.<\/li>\n\n\n\n<li>Sandalias tambi\u00e9n son \u00fatiles para que sus pies respiren por las noches.<\/li>\n\n\n\n<li>Ropa abrigadora, incluyendo chaqueta, forros polares, guantes y bufanda.<\/li>\n\n\n\n<li>Ropa t\u00e9rmica tambi\u00e9n es recomendada, especialmente para dormir.<\/li>\n\n\n\n<li>Bolsa de dormir (podemos alquilarle una si lo desea).<\/li>\n\n\n\n<li>Linterna o frontal y bater\u00edas de repuesto.<\/li>\n\n\n\n<li>C\u00e1mara, rollos\/pel\u00edculas y bater\u00edas (las bater\u00edas se consumen m\u00e1s r\u00e1pido en condiciones de fr\u00edo).<\/li>\n\n\n\n<li>Sombrero o gorra para protegerse del sol, la lluvia y el fr\u00edo.<\/li>\n\n\n\n<li>Bloqueador solar + crema after-sun o crema hidratante para rostro y cuerpo.<\/li>\n\n\n\n<li>Repelente de insectos \u2013 m\u00ednimo recomendado 20% DEET (aunque no se ha reportado riesgo de malaria).<\/li>\n\n\n\n<li>Papel higi\u00e9nico en bolsa pl\u00e1stica.<\/li>\n\n\n\n<li>Snacks: galletas, barras energ\u00e9ticas, chocolate, frutas frescas, muesli, etc.<\/li>\n\n\n\n<li>Cantimplora reutilizable (tipo Nalgene) y agua para la primera ma\u00f1ana.<\/li>\n\n\n\n<li>Se recomienda llevar pastillas purificadoras de agua en caso de recoger agua de arroyos.<\/li>\n\n\n\n<li>Botiqu\u00edn personal con cualquier medicaci\u00f3n especial que necesite, paracetamol, curitas para ampollas, etc.<\/li>\n\n\n\n<li>Toalla peque\u00f1a o pareo.<\/li>\n\n\n\n<li>Traje de ba\u00f1o (si planea ba\u00f1arse en las aguas termales).<\/li>\n\n\n\n<li>Dinero en efectivo suficiente para snacks, propinas y souvenirs.<\/li>\n\n\n\n<li>Pasaporte original y carnet universitario internacional si dispone de uno.<\/li>\n\n\n\n<li>Bastones de caminata (podemos alquilarlos; tenga en cuenta que los bastones con punta met\u00e1lica no est\u00e1n permitidos en Machu Picchu y deben dejarse en el hotel el \u00faltimo d\u00eda).<\/li>\n\n\n\n<li>Binoculares (si los tiene).<audio autoplay=\"\"><\/audio><\/li>\n<\/ul>\n\n\n<div class=\"wp-block-image\">\n<figure class=\"aligncenter size-full is-resized\"><img loading=\"lazy\" decoding=\"async\" width=\"693\" height=\"473\" src=\"https:\/\/machupicchubookingperu.com\/wp-content\/uploads\/2026\/04\/mapa-salkantay-trek-5-days.jpg\" alt=\"\" class=\"wp-image-556\" style=\"width:840px;height:auto\" srcset=\"https:\/\/machupicchubookingperu.com\/wp-content\/uploads\/2026\/04\/mapa-salkantay-trek-5-days.jpg 693w, https:\/\/machupicchubookingperu.com\/wp-content\/uploads\/2026\/04\/mapa-salkantay-trek-5-days-300x205.jpg 300w\" sizes=\"(max-width: 693px) 100vw, 693px\" \/><\/figure>\n<\/div>\n\n<div class=\"wp-block-image\">\n<figure class=\"aligncenter size-full\"><a href=\"https:\/\/machupicchubookingperu.com\/index.php\/contact-us\/\" target=\"_blank\" rel=\" noreferrer noopener\"><img loading=\"lazy\" decoding=\"async\" width=\"300\" height=\"75\" src=\"https:\/\/machupicchubookingperu.com\/wp-content\/uploads\/2026\/04\/BOOK-NOW-7-6-12.png\" alt=\"\" class=\"wp-image-557\"\/><\/a><\/figure>\n<\/div>","protected":false},"excerpt":{"rendered":"<p>Descripci\u00f3n: Una alternativa para llegar a Machu Picchu, la ruta de Salkantay Machu Picchu, es considerado una delas mejores por NatGeo, y el nivel de dificultad es similar a la del Camino Inca Cl\u00e1sico. Esta ser\u00e1 unaaventura emocionante para quienes gustan disfrutar de la naturaleza en todo su esplendor y caminarrodeado de paisajes hermosos. Somos [&hellip;]<\/p>\n","protected":false},"author":1,"featured_media":0,"parent":0,"menu_order":0,"comment_status":"closed","ping_status":"closed","template":"","meta":{"saved_in_kubio":false,"_joinchat":[],"footnotes":""},"class_list":["post-544","page","type-page","status-publish","hentry"],"kubio_ai_page_context":{"short_desc":"","purpose":"general"},"_links":{"self":[{"href":"https:\/\/machupicchubookingperu.com\/index.php\/wp-json\/wp\/v2\/pages\/544","targetHints":{"allow":["GET"]}}],"collection":[{"href":"https:\/\/machupicchubookingperu.com\/index.php\/wp-json\/wp\/v2\/pages"}],"about":[{"href":"https:\/\/machupicchubookingperu.com\/index.php\/wp-json\/wp\/v2\/types\/page"}],"author":[{"embeddable":true,"href":"https:\/\/machupicchubookingperu.com\/index.php\/wp-json\/wp\/v2\/users\/1"}],"replies":[{"embeddable":true,"href":"https:\/\/machupicchubookingperu.com\/index.php\/wp-json\/wp\/v2\/comments?post=544"}],"version-history":[{"count":8,"href":"https:\/\/machupicchubookingperu.com\/index.php\/wp-json\/wp\/v2\/pages\/544\/revisions"}],"predecessor-version":[{"id":570,"href":"https:\/\/machupicchubookingperu.com\/index.php\/wp-json\/wp\/v2\/pages\/544\/revisions\/570"}],"wp:attachment":[{"href":"https:\/\/machupicchubookingperu.com\/index.php\/wp-json\/wp\/v2\/media?parent=544"}],"curies":[{"name":"wp","href":"https:\/\/api.w.org\/{rel}","templated":true}]}}