{"id":503,"date":"2026-04-14T23:08:36","date_gmt":"2026-04-14T21:08:36","guid":{"rendered":"https:\/\/machupicchubookingperu.com\/?page_id=503"},"modified":"2026-04-14T23:15:08","modified_gmt":"2026-04-14T21:15:08","slug":"inka-jungle-hacia-machupicchu-4-dias","status":"publish","type":"page","link":"https:\/\/machupicchubookingperu.com\/index.php\/inka-jungle-hacia-machupicchu-4-dias\/","title":{"rendered":"Inka Jungle hacia Machupicchu 4 d\u00edas"},"content":{"rendered":"\n\n\n<h2 class=\"wp-block-heading\">Descripci\u00f3n:<\/h2>\n\n\n\n<p>Si deseas salir de la rutina combinando una caminata por paisajes maravillosos y, al mismo tiempo, practicar tu deporte de aventura favorito, este programa es para ti.<\/p>\n\n\n\n<h2 class=\"wp-block-heading\">ITINERARIO:<\/h2>\n\n\n\n<p><strong>1er d\u00eda Cusco \u2013 Abra M\u00e1laga \u2013 Santa Mar\u00eda (by bike)<\/strong><\/p>\n\n\n\n<p>En este primer d\u00eda disfrutar\u00e1s de la incre\u00edble biodiversidad de Abra M\u00e1laga (4 200 m s. n. m.), un excelente lugar para la observaci\u00f3n de aves, donde en esta ocasi\u00f3n solo se realizar\u00e1 una breve parada. Podr\u00e1s apreciar el bosque nuboso y paisajes encantadores, as\u00ed como sentir la adrenalina al descender en bicicleta por esta ruta.<\/p>\n\n\n\n<p>La excursi\u00f3n comienza con el recojo de los pasajeros desde sus respectivos hoteles aproximadamente a las 06:30 a. m., para luego trasladarlos en una minivan hasta el pueblo de Ollantaytambo, en el Valle Sagrado de los Incas. All\u00ed realizar\u00e1n una parada para comprar algunos snacks, agua y lo necesario para el recorrido, ya que no hay tiendas en el camino. Luego continuar\u00e1n el viaje hasta el punto de inicio del tour en bicicleta, donde el gu\u00eda les brindar\u00e1 todas las indicaciones y les proporcionar\u00e1 el equipo de seguridad necesario para el descenso, como chalecos, cascos y rodilleras.<\/p>\n\n\n\n<p>Durante el recorrido disfrutar\u00e1n de paisajes naturales y pintorescos, peque\u00f1os pueblos, campos frutales y cruzar\u00e1n emocionantes riachuelos en bicicleta. En todo momento contar\u00e1n con un transporte de apoyo que los seguir\u00e1 durante la ruta, en caso de que alguien no pueda continuar con la aventura. (Este tour tiene una duraci\u00f3n aproximada de 2 horas y media). Llegar\u00e1n al pueblo de Santa Mar\u00eda, donde almorzar\u00e1n en un restaurante local; posteriormente, los pasajeros podr\u00e1n descansar en un alojamiento local.<\/p>\n\n\n\n<p>De manera opcional, quienes deseen aprovechar la tarde pueden a\u00f1adir a su reserva rafting en el r\u00edo Vilcanota, con emocionantes r\u00e1pidos de nivel II \u2013 III+, guiados por instructores experimentados y certificados en este tipo de deporte (consultar tarifas).<\/p>\n\n\n\n<p><strong>Alimentaci\u00f3n:<\/strong> Almuerzo y cena.<\/p>\n\n\n\n<p><strong>Tour en bicicleta:<\/strong> 2 horas 30 min aprox.<\/p>\n\n\n<div class=\"wp-block-image\">\n<figure class=\"aligncenter is-resized\"><img loading=\"lazy\" decoding=\"async\" width=\"640\" height=\"360\" src=\"https:\/\/machupicchubookingperu.com\/wp-content\/uploads\/2026\/04\/abra-malaga-biking-640x360-1.jpg\" alt=\"\" class=\"wp-image-492\" style=\"width:819px;height:auto\" srcset=\"https:\/\/machupicchubookingperu.com\/wp-content\/uploads\/2026\/04\/abra-malaga-biking-640x360-1.jpg 640w, https:\/\/machupicchubookingperu.com\/wp-content\/uploads\/2026\/04\/abra-malaga-biking-640x360-1-300x169.jpg 300w\" sizes=\"(max-width: 640px) 100vw, 640px\" \/><\/figure>\n<\/div>\n\n\n<p><strong>2do d\u00eda Santa Mar\u00eda \u2013 Thermal baths of Cocalmayo \u2013 Santa Teresa.<\/strong><\/p>\n\n\n\n<p>06:00 a. m. desayuno en el alojamiento; despu\u00e9s de ello comenzar\u00e1 la caminata que los llevar\u00e1 por maravillosos senderos, recorriendo parte del Camino Inca, el cual se encuentra muy bien conservado por los pobladores de la zona. Disfrutar\u00e1n de paisajes propios de la selva amaz\u00f3nica; en el trayecto podr\u00e1n apreciar una gran diversidad de flora y fauna, como orqu\u00eddeas, plantaciones de caf\u00e9, coca, \u00e1rboles frutales y diferentes especies de aves.<\/p>\n\n\n\n<p>Al mediod\u00eda har\u00e1n una parada en un peque\u00f1o poblado llamado Kellomayo, donde almorzar\u00e1n y descansar\u00e1n un poco.<\/p>\n\n\n\n<p>Por la tarde, continuando con el recorrido, disfrutar\u00e1n a\u00fan m\u00e1s de la caminata, ya que cruzar\u00e1n peque\u00f1os riachuelos y observar\u00e1n peque\u00f1as cascadas en la ruta hasta llegar a los ba\u00f1os termales de Cocalmayo, donde recuperar\u00e1n toda la energ\u00eda perdida durante el d\u00eda. Despu\u00e9s de un tiempo prudente en las aguas termales, ser\u00e1n trasladados al alojamiento en el pueblo de Santa Teresa para cenar y descansar (quienes lo deseen pueden visitar bares locales).<\/p>\n\n\n\n<p><strong>Duraci\u00f3n de caminata:<\/strong> 7 horas aprox.<\/p>\n\n\n\n<p><strong>Alimentaci\u00f3n:<\/strong> desayuno, almuerzo y cena.<\/p>\n\n\n<div class=\"wp-block-image\">\n<figure class=\"aligncenter\"><img loading=\"lazy\" decoding=\"async\" width=\"800\" height=\"400\" src=\"https:\/\/machupicchubookingperu.com\/wp-content\/uploads\/2026\/04\/48-Inka-jungle-Adventure-to-Machupicchu4ima2.jpg\" alt=\"\" class=\"wp-image-493\" srcset=\"https:\/\/machupicchubookingperu.com\/wp-content\/uploads\/2026\/04\/48-Inka-jungle-Adventure-to-Machupicchu4ima2.jpg 800w, https:\/\/machupicchubookingperu.com\/wp-content\/uploads\/2026\/04\/48-Inka-jungle-Adventure-to-Machupicchu4ima2-300x150.jpg 300w, https:\/\/machupicchubookingperu.com\/wp-content\/uploads\/2026\/04\/48-Inka-jungle-Adventure-to-Machupicchu4ima2-768x384.jpg 768w\" sizes=\"(max-width: 800px) 100vw, 800px\" \/><\/figure>\n<\/div>\n\n\n<p><strong>3er d\u00eda Santa Teresa \u2013 Hydroelectric \u2013 Aguas Calientes<\/strong><\/p>\n\n\n\n<p>Temprano por la ma\u00f1ana y despu\u00e9s del desayuno, iniciar\u00e1n la jornada. Este d\u00eda ser\u00e1 principalmente hist\u00f3rico, ya que el gu\u00eda les explicar\u00e1 durante el recorrido sobre el descubrimiento de Machu Picchu, qui\u00e9nes eran los habitantes de aquella \u00e9poca antes de que la maravilla fuera dada a conocer, c\u00f3mo llegaron los expedicionarios, qui\u00e9nes recorrieron esas rutas, as\u00ed como el hallazgo de sitios arqueol\u00f3gicos cercanos, todo ello mientras disfrutan del paisaje en todo momento.<\/p>\n\n\n\n<p>Continuando con el viaje, llegar\u00e1n a la Hidroel\u00e9ctrica, un punto de paso donde har\u00e1n una parada para almorzar y descansar un poco. Luego continuar\u00e1n la caminata hacia el pueblo de Aguas Calientes siguiendo la ruta del tren. Este tramo tendr\u00e1 una duraci\u00f3n aproximada de 3 horas, siendo una de las partes m\u00e1s agradables del recorrido, ya que desde el camino se puede observar parte de la ciudadela inca, las cataratas de Mandor y hermosos paisajes.<\/p>\n\n\n\n<p>Por la tarde, al llegar al pueblo de Aguas Calientes o Machu Picchu Pueblo, el gu\u00eda los acomodar\u00e1 en el alojamiento, tendr\u00e1n la cena y recibir\u00e1n recomendaciones para la visita al Santuario al d\u00eda siguiente.<\/p>\n\n\n\n<p><strong>Duraci\u00f3n de caminata:<\/strong> 6 horas aprox.<\/p>\n\n\n\n<p><strong>Alimentaci\u00f3n:<\/strong> desayuno, almuerzo y cena.<\/p>\n\n\n<div class=\"wp-block-image\">\n<figure class=\"aligncenter is-resized\"><img loading=\"lazy\" decoding=\"async\" width=\"668\" height=\"446\" src=\"https:\/\/machupicchubookingperu.com\/wp-content\/uploads\/2026\/04\/3f.jpg\" alt=\"\" class=\"wp-image-494\" style=\"width:816px;height:auto\" srcset=\"https:\/\/machupicchubookingperu.com\/wp-content\/uploads\/2026\/04\/3f.jpg 668w, https:\/\/machupicchubookingperu.com\/wp-content\/uploads\/2026\/04\/3f-300x200.jpg 300w\" sizes=\"(max-width: 668px) 100vw, 668px\" \/><\/figure>\n<\/div>\n\n\n<p><strong>4to d\u00eda Machu Picchu \u2013 Cusco<\/strong><\/p>\n\n\n\n<p>Me levanto a las 4:00 a. m. y desayuno en el alojamiento antes de salir. Una vez que el grupo est\u00e9 listo, comenzar\u00e1 la caminata que los llevar\u00e1 al Santuario Inca de Machu Picchu; este recorrido tendr\u00e1 una duraci\u00f3n aproximada de 1 hora y 30 minutos, ascendiendo por caminos similares al Camino Inca, con escalinatas en la ruta.<\/p>\n\n\n\n<p>Al llegar, disfrutar\u00e1n de un entorno m\u00e1gico, contemplando el amanecer entre las monta\u00f1as y la neblina que se eleva de manera espectacular para revelar nuestra maravilla del mundo. Quienes lo deseen podr\u00e1n ascender a la monta\u00f1a Huayna Picchu con reserva previa (al menos con 3 meses de anticipaci\u00f3n), mientras que el resto del grupo podr\u00e1 aprovechar el tiempo libre para tomar fotograf\u00edas y relajarse.<\/p>\n\n\n\n<p>Posteriormente, una vez que todo el grupo est\u00e9 reunido nuevamente, el gu\u00eda iniciar\u00e1 el recorrido por los principales templos, andenes, pasadizos y recintos sagrados, donde explicar\u00e1 la historia e importancia de cada lugar. La visita guiada tiene una duraci\u00f3n aproximada de 2 horas y 30 minutos. Finalizado el recorrido, descender\u00e1n al pueblo de Aguas Calientes para almorzar.<\/p>\n\n\n\n<p>A la hora programada, tomar\u00e1n el tren de retorno hacia el pueblo de Ollantaytambo, donde un transporte los estar\u00e1 esperando para llevarlos de regreso a sus respectivos hoteles en la ciudad de Cusco.<\/p>\n\n\n\n<p><strong>Alimentaci\u00f3n:<\/strong> desayuno.<\/p>\n\n\n<div class=\"wp-block-image\">\n<figure class=\"aligncenter\"><img loading=\"lazy\" decoding=\"async\" width=\"1024\" height=\"683\" src=\"https:\/\/machupicchubookingperu.com\/wp-content\/uploads\/2026\/04\/turista-mujer-machu-picchu-circuito-panoramico-full-1024x683.jpg\" alt=\"\" class=\"wp-image-495\" srcset=\"https:\/\/machupicchubookingperu.com\/wp-content\/uploads\/2026\/04\/turista-mujer-machu-picchu-circuito-panoramico-full-1024x683.jpg 1024w, https:\/\/machupicchubookingperu.com\/wp-content\/uploads\/2026\/04\/turista-mujer-machu-picchu-circuito-panoramico-full-300x200.jpg 300w, https:\/\/machupicchubookingperu.com\/wp-content\/uploads\/2026\/04\/turista-mujer-machu-picchu-circuito-panoramico-full-768x512.jpg 768w, https:\/\/machupicchubookingperu.com\/wp-content\/uploads\/2026\/04\/turista-mujer-machu-picchu-circuito-panoramico-full-1536x1025.jpg 1536w, https:\/\/machupicchubookingperu.com\/wp-content\/uploads\/2026\/04\/turista-mujer-machu-picchu-circuito-panoramico-full-1619x1080.jpg 1619w, https:\/\/machupicchubookingperu.com\/wp-content\/uploads\/2026\/04\/turista-mujer-machu-picchu-circuito-panoramico-full.jpg 2000w\" sizes=\"(max-width: 1024px) 100vw, 1024px\" \/><\/figure>\n<\/div>\n\n\n<p><strong>INCLUDES:<\/strong><\/p>\n\n\n\n<ul class=\"wp-block-list\">\n<li>Recojo desde el hotel. <\/li>\n\n\n\n<li>Bicicletas y equipo de seguridad. <\/li>\n\n\n\n<li>03 noches de alojamiento en hostal. 03 desayunos, 03 almuerzos y 03 cenas. <\/li>\n\n\n\n<li>Gu\u00eda profesional. Entrada a Machu Picchu.<\/li>\n\n\n\n<li> Tren de retorno a Ollantaytambo en servicio Expedition. <\/li>\n\n\n\n<li>Transporte de regreso a Cusco. <\/li>\n\n\n\n<li>Traslado al hotel.<\/li>\n<\/ul>\n\n\n\n<p><strong>NOT INCLUDE:<\/strong><\/p>\n\n\n\n<ul class=\"wp-block-list\">\n<li>Tours adicionales como rafting o canopy.<\/li>\n\n\n\n<li> Bus de subida y bajada a Machu Picchu.<\/li>\n\n\n\n<li> Primer desayuno. <\/li>\n\n\n\n<li>\u00daltimo almuerzo.<\/li>\n\n\n\n<li> Entrada a Huayna Picchu.<\/li>\n<\/ul>\n\n\n\n<p><strong>RECOMENDACIONES:<\/strong><\/p>\n\n\n\n<ul class=\"wp-block-list\">\n<li>Llevar una mochila peque\u00f1a. <\/li>\n\n\n\n<li>Ropa necesaria para los d\u00edas de caminata. <\/li>\n\n\n\n<li>Repelente de insectos. <\/li>\n\n\n\n<li>Protector solar. Linterna y bater\u00edas. <\/li>\n\n\n\n<li>Toalla y art\u00edculos de aseo. <\/li>\n\n\n\n<li>Chaqueta impermeable y poncho de lluvia. <\/li>\n\n\n\n<li>Zapatos de trekking.<\/li>\n<\/ul>\n\n\n\n<figure class=\"wp-block-image\"><img loading=\"lazy\" decoding=\"async\" width=\"1024\" height=\"726\" src=\"https:\/\/machupicchubookingperu.com\/wp-content\/uploads\/2026\/04\/mapa-inka-jungle-4-days-scaled-1-1024x726.jpg\" alt=\"\" class=\"wp-image-496\" srcset=\"https:\/\/machupicchubookingperu.com\/wp-content\/uploads\/2026\/04\/mapa-inka-jungle-4-days-scaled-1-1024x726.jpg 1024w, https:\/\/machupicchubookingperu.com\/wp-content\/uploads\/2026\/04\/mapa-inka-jungle-4-days-scaled-1-300x213.jpg 300w, https:\/\/machupicchubookingperu.com\/wp-content\/uploads\/2026\/04\/mapa-inka-jungle-4-days-scaled-1-768x544.jpg 768w, https:\/\/machupicchubookingperu.com\/wp-content\/uploads\/2026\/04\/mapa-inka-jungle-4-days-scaled-1.jpg 1280w\" sizes=\"(max-width: 1024px) 100vw, 1024px\" \/><\/figure>\n\n\n<div class=\"wp-block-image\">\n<figure class=\"aligncenter\"><a href=\"https:\/\/machupicchubookingperu.com\/index.php\/contact-us\/\"><img loading=\"lazy\" decoding=\"async\" width=\"300\" height=\"75\" src=\"https:\/\/machupicchubookingperu.com\/wp-content\/uploads\/2026\/04\/BOOK-NOW-7-6-10.png\" alt=\"\" class=\"wp-image-497\"\/><\/a><\/figure>\n<\/div>","protected":false},"excerpt":{"rendered":"<p>Descripci\u00f3n: Si deseas salir de la rutina combinando una caminata por paisajes maravillosos y, al mismo tiempo, practicar tu deporte de aventura favorito, este programa es para ti. ITINERARIO: 1er d\u00eda Cusco \u2013 Abra M\u00e1laga \u2013 Santa Mar\u00eda (by bike) En este primer d\u00eda disfrutar\u00e1s de la incre\u00edble biodiversidad de Abra M\u00e1laga (4 200 m [&hellip;]<\/p>\n","protected":false},"author":1,"featured_media":0,"parent":0,"menu_order":0,"comment_status":"closed","ping_status":"closed","template":"","meta":{"saved_in_kubio":false,"_joinchat":[],"footnotes":""},"class_list":["post-503","page","type-page","status-publish","hentry"],"kubio_ai_page_context":{"short_desc":"","purpose":"general"},"_links":{"self":[{"href":"https:\/\/machupicchubookingperu.com\/index.php\/wp-json\/wp\/v2\/pages\/503","targetHints":{"allow":["GET"]}}],"collection":[{"href":"https:\/\/machupicchubookingperu.com\/index.php\/wp-json\/wp\/v2\/pages"}],"about":[{"href":"https:\/\/machupicchubookingperu.com\/index.php\/wp-json\/wp\/v2\/types\/page"}],"author":[{"embeddable":true,"href":"https:\/\/machupicchubookingperu.com\/index.php\/wp-json\/wp\/v2\/users\/1"}],"replies":[{"embeddable":true,"href":"https:\/\/machupicchubookingperu.com\/index.php\/wp-json\/wp\/v2\/comments?post=503"}],"version-history":[{"count":5,"href":"https:\/\/machupicchubookingperu.com\/index.php\/wp-json\/wp\/v2\/pages\/503\/revisions"}],"predecessor-version":[{"id":512,"href":"https:\/\/machupicchubookingperu.com\/index.php\/wp-json\/wp\/v2\/pages\/503\/revisions\/512"}],"wp:attachment":[{"href":"https:\/\/machupicchubookingperu.com\/index.php\/wp-json\/wp\/v2\/media?parent=503"}],"curies":[{"name":"wp","href":"https:\/\/api.w.org\/{rel}","templated":true}]}}