{"id":473,"date":"2026-04-14T22:12:42","date_gmt":"2026-04-14T20:12:42","guid":{"rendered":"https:\/\/machupicchubookingperu.com\/?page_id=473"},"modified":"2026-04-14T22:18:57","modified_gmt":"2026-04-14T20:18:57","slug":"valle-sagrado-vip-1-dia","status":"publish","type":"page","link":"https:\/\/machupicchubookingperu.com\/index.php\/valle-sagrado-vip-1-dia\/","title":{"rendered":"Valle Sagrado VIP 1 d\u00eda"},"content":{"rendered":"\n\n\n<h2 class=\"wp-block-heading\">Introducci\u00f3n:<\/h2>\n\n\n\n<p>Disfrutar\u00e1s en un solo d\u00eda de los encantos de todo el Valle Sagrado de los Incas; esta excursi\u00f3n es una combinaci\u00f3n del tour tradicional al Valle Sagrado y Maray\/Moray, un recorrido que te llevar\u00e1 a trav\u00e9s de paisajes espectaculares, pintorescos pueblos coloniales y la maravillosa cultura inca.<br><\/p>\n\n\n\n<h2 class=\"wp-block-heading\">ITINERARIO:<\/h2>\n\n\n\n<p><strong>Salida:<\/strong> 06:30 a.m.<br><strong>Retorno:<\/strong> 7:00 p.m.<\/p>\n\n\n\n<p>Temprano por la ma\u00f1ana iniciamos con el recojo desde sus respectivos hoteles para llevarlos al maravilloso y encantador Valle Sagrado de los Incas. En nuestra primera parada visitaremos el pueblo de Chinchero, su templo colonial y el complejo arqueol\u00f3gico. Despu\u00e9s de la visita a este atractivo, continuaremos el recorrido a trav\u00e9s de los extensos campos de cultivo que conducen al pueblo de Maras y al complejo arqueol\u00f3gico de Moray (centro de interpretaci\u00f3n agr\u00edcola), donde apreciar\u00e1n y disfrutar\u00e1n de su arquitectura. Tambi\u00e9n conocer\u00e1n las Salineras de Maras, que se encuentran muy cerca de Moray.<\/p>\n\n\n\n<p>Despu\u00e9s de este recorrido, disfrutar\u00e1n de un delicioso almuerzo buffet en el pueblo de Urubamba.<\/p>\n\n\n\n<p>Por la tarde, visitar\u00e1n una de las fortalezas m\u00e1s impresionantes del Imperio Inca: el Parque Arqueol\u00f3gico de Ollantaytambo, una construcci\u00f3n inca ubicada en la cima de una colina, donde se pueden observar andenes agr\u00edcolas, templos, fuentes de agua y los ba\u00f1os de la \u00f1usta. Asimismo, desde la parte alta se puede apreciar el pueblo inca viviente, actualmente habitado, con sus calles estrechas y sus pobladores con vestimenta tradicional, lo que les permitir\u00e1 imaginar c\u00f3mo era la vida cotidiana en tiempos incas.<\/p>\n\n\n\n<p>Finalmente, en el camino de retorno, visitar\u00e1n el complejo tur\u00edstico de Pisac y el mercado tradicional del mismo pueblo.<\/p>\n\n\n\n<p>Llegada a la ciudad y traslado al hotel.<\/p>\n\n\n\n<p><strong>INCLUYE:<\/strong><\/p>\n\n\n\n<ul class=\"wp-block-list\">\n<li>Transporte tur\u00edstico<\/li>\n\n\n\n<li>Gu\u00eda oficial de turismo<\/li>\n\n\n\n<li>Almuerzo buffet<\/li>\n\n\n\n<li>Asistencia<\/li>\n<\/ul>\n\n\n\n<p><strong>NO INCLUYE:<\/strong><\/p>\n\n\n\n<ul class=\"wp-block-list\">\n<li>Entradas a los atractivos<\/li>\n\n\n\n<li>Propinas<\/li>\n\n\n\n<li>Gastos extras<\/li>\n<\/ul>\n\n\n\n<figure class=\"wp-block-gallery has-nested-images columns-default is-cropped wp-block-gallery-1 is-layout-flex wp-block-gallery-is-layout-flex\">\n<figure class=\"wp-block-image size-large\"><img loading=\"lazy\" decoding=\"async\" width=\"800\" height=\"533\" data-id=\"478\" src=\"https:\/\/machupicchubookingperu.com\/wp-content\/uploads\/2026\/04\/chinchero-valle-sagrado-1-1.jpg\" alt=\"\" class=\"wp-image-478\" srcset=\"https:\/\/machupicchubookingperu.com\/wp-content\/uploads\/2026\/04\/chinchero-valle-sagrado-1-1.jpg 800w, https:\/\/machupicchubookingperu.com\/wp-content\/uploads\/2026\/04\/chinchero-valle-sagrado-1-1-300x200.jpg 300w, https:\/\/machupicchubookingperu.com\/wp-content\/uploads\/2026\/04\/chinchero-valle-sagrado-1-1-768x512.jpg 768w\" sizes=\"(max-width: 800px) 100vw, 800px\" \/><\/figure>\n\n\n\n<figure class=\"wp-block-image size-large\"><img loading=\"lazy\" decoding=\"async\" width=\"980\" height=\"513\" data-id=\"481\" src=\"https:\/\/machupicchubookingperu.com\/wp-content\/uploads\/2026\/04\/Complejo-Arqueologico-de-Ollantaytambo-1.jpg\" alt=\"\" class=\"wp-image-481\" srcset=\"https:\/\/machupicchubookingperu.com\/wp-content\/uploads\/2026\/04\/Complejo-Arqueologico-de-Ollantaytambo-1.jpg 980w, https:\/\/machupicchubookingperu.com\/wp-content\/uploads\/2026\/04\/Complejo-Arqueologico-de-Ollantaytambo-1-300x157.jpg 300w, https:\/\/machupicchubookingperu.com\/wp-content\/uploads\/2026\/04\/Complejo-Arqueologico-de-Ollantaytambo-1-768x402.jpg 768w\" sizes=\"(max-width: 980px) 100vw, 980px\" \/><\/figure>\n\n\n\n<figure class=\"wp-block-image size-large\"><img loading=\"lazy\" decoding=\"async\" width=\"275\" height=\"183\" data-id=\"479\" src=\"https:\/\/machupicchubookingperu.com\/wp-content\/uploads\/2026\/04\/MARAS-1.jpg\" alt=\"\" class=\"wp-image-479\"\/><\/figure>\n\n\n\n<figure class=\"wp-block-image size-large\"><img loading=\"lazy\" decoding=\"async\" width=\"669\" height=\"446\" data-id=\"480\" src=\"https:\/\/machupicchubookingperu.com\/wp-content\/uploads\/2026\/04\/MORAY-1.jpg\" alt=\"\" class=\"wp-image-480\" srcset=\"https:\/\/machupicchubookingperu.com\/wp-content\/uploads\/2026\/04\/MORAY-1.jpg 669w, https:\/\/machupicchubookingperu.com\/wp-content\/uploads\/2026\/04\/MORAY-1-300x200.jpg 300w\" sizes=\"(max-width: 669px) 100vw, 669px\" \/><\/figure>\n\n\n\n<figure class=\"wp-block-image size-large\"><img loading=\"lazy\" decoding=\"async\" width=\"1024\" height=\"576\" data-id=\"482\" src=\"https:\/\/machupicchubookingperu.com\/wp-content\/uploads\/2026\/04\/Vista-desde-Pisac-pc-1-1024x576.jpg\" alt=\"\" class=\"wp-image-482\" srcset=\"https:\/\/machupicchubookingperu.com\/wp-content\/uploads\/2026\/04\/Vista-desde-Pisac-pc-1-1024x576.jpg 1024w, https:\/\/machupicchubookingperu.com\/wp-content\/uploads\/2026\/04\/Vista-desde-Pisac-pc-1-300x169.jpg 300w, https:\/\/machupicchubookingperu.com\/wp-content\/uploads\/2026\/04\/Vista-desde-Pisac-pc-1-768x432.jpg 768w, https:\/\/machupicchubookingperu.com\/wp-content\/uploads\/2026\/04\/Vista-desde-Pisac-pc-1-1536x864.jpg 1536w, https:\/\/machupicchubookingperu.com\/wp-content\/uploads\/2026\/04\/Vista-desde-Pisac-pc-1.jpg 1920w\" sizes=\"(max-width: 1024px) 100vw, 1024px\" \/><\/figure>\n<\/figure>\n\n\n<div class=\"wp-block-image\">\n<figure class=\"aligncenter size-full\"><a href=\"https:\/\/machupicchubookingperu.com\/index.php\/contact-us\/\" target=\"_blank\" rel=\" noreferrer noopener\"><img loading=\"lazy\" decoding=\"async\" width=\"300\" height=\"75\" src=\"https:\/\/machupicchubookingperu.com\/wp-content\/uploads\/2026\/04\/BOOK-NOW-7-6-9.png\" alt=\"\" class=\"wp-image-483\"\/><\/a><\/figure>\n<\/div>","protected":false},"excerpt":{"rendered":"<p>Introducci\u00f3n: Disfrutar\u00e1s en un solo d\u00eda de los encantos de todo el Valle Sagrado de los Incas; esta excursi\u00f3n es una combinaci\u00f3n del tour tradicional al Valle Sagrado y Maray\/Moray, un recorrido que te llevar\u00e1 a trav\u00e9s de paisajes espectaculares, pintorescos pueblos coloniales y la maravillosa cultura inca. ITINERARIO: Salida: 06:30 a.m.Retorno: 7:00 p.m. Temprano [&hellip;]<\/p>\n","protected":false},"author":1,"featured_media":0,"parent":0,"menu_order":0,"comment_status":"closed","ping_status":"closed","template":"","meta":{"saved_in_kubio":false,"_joinchat":[],"footnotes":""},"class_list":["post-473","page","type-page","status-publish","hentry"],"kubio_ai_page_context":{"short_desc":"","purpose":"general"},"_links":{"self":[{"href":"https:\/\/machupicchubookingperu.com\/index.php\/wp-json\/wp\/v2\/pages\/473","targetHints":{"allow":["GET"]}}],"collection":[{"href":"https:\/\/machupicchubookingperu.com\/index.php\/wp-json\/wp\/v2\/pages"}],"about":[{"href":"https:\/\/machupicchubookingperu.com\/index.php\/wp-json\/wp\/v2\/types\/page"}],"author":[{"embeddable":true,"href":"https:\/\/machupicchubookingperu.com\/index.php\/wp-json\/wp\/v2\/users\/1"}],"replies":[{"embeddable":true,"href":"https:\/\/machupicchubookingperu.com\/index.php\/wp-json\/wp\/v2\/comments?post=473"}],"version-history":[{"count":4,"href":"https:\/\/machupicchubookingperu.com\/index.php\/wp-json\/wp\/v2\/pages\/473\/revisions"}],"predecessor-version":[{"id":487,"href":"https:\/\/machupicchubookingperu.com\/index.php\/wp-json\/wp\/v2\/pages\/473\/revisions\/487"}],"wp:attachment":[{"href":"https:\/\/machupicchubookingperu.com\/index.php\/wp-json\/wp\/v2\/media?parent=473"}],"curies":[{"name":"wp","href":"https:\/\/api.w.org\/{rel}","templated":true}]}}