{"id":449,"date":"2026-04-14T21:28:40","date_gmt":"2026-04-14T19:28:40","guid":{"rendered":"https:\/\/machupicchubookingperu.com\/?page_id=449"},"modified":"2026-04-14T21:35:30","modified_gmt":"2026-04-14T19:35:30","slug":"tour-7-lagunas-de-ausangate-pacchanta-desde-cusco-1-dia","status":"publish","type":"page","link":"https:\/\/machupicchubookingperu.com\/index.php\/tour-7-lagunas-de-ausangate-pacchanta-desde-cusco-1-dia\/","title":{"rendered":"Tour 7 lagunas de Ausangate + Pacchanta desde Cusco 1 d\u00eda"},"content":{"rendered":"\n\n\n<h2 class=\"wp-block-heading\">Descripci\u00f3n:<\/h2>\n\n\n\n<p>Tour a las&nbsp;<strong>7 Lagunas de Ausangate<\/strong>, una excursi\u00f3n de un d\u00eda llena de aventura, paisajes, monta\u00f1as \u00abApus\u00bb, lagunas turquesas, azules, verdes e incluso rojizas. Adem\u00e1s de estas atracciones, conocer\u00e1s la flora y fauna andina, como Alpacas, Vizcachas y C\u00f3ndores.<\/p>\n\n\n\n<p>Los puntos destacados de este tour son las siete lagunas ubicadas en las laderas de la Cordillera Vilcanota, que reciben los siguientes nombres:&nbsp;<strong>Otorongo Macho<\/strong>,&nbsp;<strong>Otorongo Hembra<\/strong>,&nbsp;<strong>Puca Cocha<\/strong>,&nbsp;<strong>Alqa Cocha<\/strong>,&nbsp;<strong>Ccomer Cocha<\/strong>,&nbsp;<strong>Azul Cocha<\/strong>&nbsp;y&nbsp;<strong>Pata Cocha<\/strong>.<\/p>\n\n\n\n<p>Finalmente la comunidad de&nbsp;<strong>Pacchanta<\/strong>&nbsp;hay una incre\u00edble fuente termal natural con propiedades medicinales; si lo deseas, tambi\u00e9n puedes relajarte en estas&nbsp;<strong>aguas termales naturales<\/strong>.<\/p>\n\n\n\n<h2 class=\"wp-block-heading\">ITINERARIO:<\/h2>\n\n\n\n<p><strong>D\u00cdA 1: Cusco &#8211; Pacchanta &#8211; 7 lagunas de Ausangate<\/strong><br><strong>4:30 am<\/strong>&nbsp;Lo recogeremos en su hotel en&nbsp;<strong>Cusco<\/strong>&nbsp;(aplica solo si tu hotel est\u00e1 cerca del centro de&nbsp;<strong>Cusco<\/strong>), luego nuestro transporte nos llevar\u00e1 hasta la comunidad de&nbsp;<strong>Pacchanta<\/strong>, viajaremos aproximadamente 3 horas \u2013&nbsp;<strong>Pacchanta<\/strong>&nbsp;es una comunidad ubicada a 4320 m.s.n.m.<\/p>\n\n\n\n<p>Despu\u00e9s de un delicioso desayuno en la comunidad de&nbsp;<strong>Pacchanta<\/strong>. Iniciaremos la caminata desde la comunidad de&nbsp;<strong>Pacchanta<\/strong>&nbsp;hasta las&nbsp;<strong>7 lagunas<\/strong>, caminaremos durante unas 5 horas (en total, ida y vuelta) y visitaremos lagunas de diferentes colores, caracterizada por sus colores azules, turquesas y verdes:&nbsp;<strong>Otorongo Macho<\/strong>,&nbsp;<strong>Otorongo Hembra<\/strong>,&nbsp;<strong>Puca Cocha<\/strong>,&nbsp;<strong>Alqa Cocha<\/strong>,&nbsp;<strong>Ccomer Cocha<\/strong>,&nbsp;<strong>Azul Cocha<\/strong>&nbsp;y&nbsp;<strong>Pata Cocha<\/strong>.<\/p>\n\n\n\n<p>Durante la visita de las 7 lagunas mencionadas, tambi\u00e9n podremos ver las siguientes monta\u00f1as:&nbsp;<strong>Ausangate<\/strong>,&nbsp;<strong>Jampa<\/strong>,&nbsp;<strong>Pucapunta<\/strong>,&nbsp;<strong>Tinke<\/strong>&nbsp;y la Cordillera de&nbsp;<strong>Qayangate<\/strong>. Tambi\u00e9n observaremos algo de flora y fauna andina. Ten en cuenta que la caminata incluye una parte empinada y otra plana.<\/p>\n\n\n\n<p>Despu\u00e9s de visitar las 7 lagunas regresaremos a la peque\u00f1a comunidad conocida como&nbsp;<strong>Pacchanta<\/strong>. y al rededor de las&nbsp;<strong>2:00 pm<\/strong>&nbsp;almorzaremos.<\/p>\n\n\n\n<p>Finalmente tendremos la oportunidad de poder disfrutar de las aguas termales durante unos 40 minutos o explorar la comunidad de&nbsp;<strong>Pacchanta<\/strong>&nbsp;por tu cuenta. El transporte tur\u00edstico nos llevar\u00e1 de regreso desde&nbsp;<strong>Pacchanta<\/strong>&nbsp;hasta la ciudad de&nbsp;<strong>Cusco<\/strong>, llegar\u00e1s de regreso a&nbsp;<strong>Cusco<\/strong>&nbsp;alrededor de las&nbsp;<strong>6:30 pm<\/strong>.<\/p>\n\n\n\n<p><strong>Altitud M\u00e1xima:<\/strong>\u00a04,800 m.\/ 15,742 pies.<br><strong>Alimentaci\u00f3n:<\/strong>\u00a0Desayuno, Almuerzo.<\/p>\n\n\n\n<p><strong>Dificultad:<\/strong>\u00a0Moderado.<\/p>\n\n\n\n<p><strong>Trekking Pacchanta \u2013 7 Lagunas de Ausangate:<\/strong>\u00a013 km (4.35 millas).<\/p>\n\n\n\n<p><strong>Tiempo de caminata:<\/strong>\u00a0Aproximadamente 5 horas (ida y vuelta).<\/p>\n\n\n\n<p><strong>INCLUYE:<\/strong><\/p>\n\n\n\n<ul class=\"wp-block-list\">\n<li>Recojo desde su hotel en\u00a0<strong>Cusco<\/strong>\u00a0y transporte tur\u00edstico hasta la comunidad de\u00a0<strong>Pacchanta.<\/strong><\/li>\n\n\n\n<li>Gu\u00eda tur\u00edstico profesional biling\u00fce (ingl\u00e9s \/ espa\u00f1ol) de ruta.<\/li>\n\n\n\n<li><strong>1 desayuno,\u00a01 almuerzo<\/strong>. Comida vegetariana (vegana) disponible a solicitud, \u00a1sin costo adicional!<\/li>\n\n\n\n<li><strong>Tickets de ingresos a los atractivos tur\u00edsticos.<\/strong><\/li>\n\n\n\n<li>Transporte tur\u00edstico de vuelta hasta Cusco<strong>.<\/strong><\/li>\n\n\n\n<li>Kit de primeros auxilios y botella de ox\u00edgeno.<\/li>\n\n\n\n<li><strong>Servicio al cliente 24 horas.<\/strong><\/li>\n<\/ul>\n\n\n\n<p><strong>NO INCLUYE:<\/strong><\/p>\n\n\n\n<ul class=\"wp-block-list\">\n<li>Poncho de lluvia<\/li>\n\n\n\n<li>Bastones de caminata<\/li>\n\n\n\n<li>Caballos<\/li>\n\n\n\n<li>Toallas, si deseas ba\u00f1arte en las fuentes termales<\/li>\n\n\n\n<li>Tickets para las fuentes termales, el precio es de 10 Soles (aproximadamente USD 3) \u2013 Opcional<\/li>\n\n\n\n<li>Cena<\/li>\n<\/ul>\n\n\n\n<figure class=\"wp-block-gallery has-nested-images columns-default is-cropped wp-block-gallery-1 is-layout-flex wp-block-gallery-is-layout-flex\">\n<figure class=\"wp-block-image size-large\"><img loading=\"lazy\" decoding=\"async\" width=\"870\" height=\"555\" data-id=\"454\" src=\"https:\/\/machupicchubookingperu.com\/wp-content\/uploads\/2026\/04\/tour-7-lagunas-del-ausangate-aguas-termales-870x555-2.jpg\" alt=\"\" class=\"wp-image-454\" srcset=\"https:\/\/machupicchubookingperu.com\/wp-content\/uploads\/2026\/04\/tour-7-lagunas-del-ausangate-aguas-termales-870x555-2.jpg 870w, https:\/\/machupicchubookingperu.com\/wp-content\/uploads\/2026\/04\/tour-7-lagunas-del-ausangate-aguas-termales-870x555-2-300x191.jpg 300w, https:\/\/machupicchubookingperu.com\/wp-content\/uploads\/2026\/04\/tour-7-lagunas-del-ausangate-aguas-termales-870x555-2-768x490.jpg 768w\" sizes=\"(max-width: 870px) 100vw, 870px\" \/><\/figure>\n\n\n\n<figure class=\"wp-block-image size-large\"><img loading=\"lazy\" decoding=\"async\" width=\"1024\" height=\"576\" data-id=\"456\" src=\"https:\/\/machupicchubookingperu.com\/wp-content\/uploads\/2026\/04\/tour-7-lagunas-del-ausangate-cusco-1-1024x576.jpg\" alt=\"\" class=\"wp-image-456\" srcset=\"https:\/\/machupicchubookingperu.com\/wp-content\/uploads\/2026\/04\/tour-7-lagunas-del-ausangate-cusco-1-1024x576.jpg 1024w, https:\/\/machupicchubookingperu.com\/wp-content\/uploads\/2026\/04\/tour-7-lagunas-del-ausangate-cusco-1-300x169.jpg 300w, https:\/\/machupicchubookingperu.com\/wp-content\/uploads\/2026\/04\/tour-7-lagunas-del-ausangate-cusco-1-768x432.jpg 768w, https:\/\/machupicchubookingperu.com\/wp-content\/uploads\/2026\/04\/tour-7-lagunas-del-ausangate-cusco-1-1536x864.jpg 1536w, https:\/\/machupicchubookingperu.com\/wp-content\/uploads\/2026\/04\/tour-7-lagunas-del-ausangate-cusco-1.jpg 1920w\" sizes=\"(max-width: 1024px) 100vw, 1024px\" \/><\/figure>\n\n\n\n<figure class=\"wp-block-image size-large\"><img loading=\"lazy\" decoding=\"async\" width=\"870\" height=\"555\" data-id=\"455\" src=\"https:\/\/machupicchubookingperu.com\/wp-content\/uploads\/2026\/04\/tour-7-lagunas-del-ausangate-cuzco-870x555-2.jpg\" alt=\"\" class=\"wp-image-455\" srcset=\"https:\/\/machupicchubookingperu.com\/wp-content\/uploads\/2026\/04\/tour-7-lagunas-del-ausangate-cuzco-870x555-2.jpg 870w, https:\/\/machupicchubookingperu.com\/wp-content\/uploads\/2026\/04\/tour-7-lagunas-del-ausangate-cuzco-870x555-2-300x191.jpg 300w, https:\/\/machupicchubookingperu.com\/wp-content\/uploads\/2026\/04\/tour-7-lagunas-del-ausangate-cuzco-870x555-2-768x490.jpg 768w\" sizes=\"(max-width: 870px) 100vw, 870px\" \/><\/figure>\n<\/figure>\n\n\n<div class=\"wp-block-image\">\n<figure class=\"aligncenter size-full\"><a href=\"https:\/\/machupicchubookingperu.com\/index.php\/contact-us\/\"><img loading=\"lazy\" decoding=\"async\" width=\"300\" height=\"75\" src=\"https:\/\/machupicchubookingperu.com\/wp-content\/uploads\/2026\/04\/BOOK-NOW-7-6-7.png\" alt=\"\" class=\"wp-image-457\"\/><\/a><\/figure>\n<\/div>","protected":false},"excerpt":{"rendered":"<p>Descripci\u00f3n: Tour a las&nbsp;7 Lagunas de Ausangate, una excursi\u00f3n de un d\u00eda llena de aventura, paisajes, monta\u00f1as \u00abApus\u00bb, lagunas turquesas, azules, verdes e incluso rojizas. Adem\u00e1s de estas atracciones, conocer\u00e1s la flora y fauna andina, como Alpacas, Vizcachas y C\u00f3ndores. Los puntos destacados de este tour son las siete lagunas ubicadas en las laderas de [&hellip;]<\/p>\n","protected":false},"author":1,"featured_media":0,"parent":0,"menu_order":0,"comment_status":"closed","ping_status":"closed","template":"","meta":{"saved_in_kubio":false,"_joinchat":[],"footnotes":""},"class_list":["post-449","page","type-page","status-publish","hentry"],"kubio_ai_page_context":{"short_desc":"","purpose":"general"},"_links":{"self":[{"href":"https:\/\/machupicchubookingperu.com\/index.php\/wp-json\/wp\/v2\/pages\/449","targetHints":{"allow":["GET"]}}],"collection":[{"href":"https:\/\/machupicchubookingperu.com\/index.php\/wp-json\/wp\/v2\/pages"}],"about":[{"href":"https:\/\/machupicchubookingperu.com\/index.php\/wp-json\/wp\/v2\/types\/page"}],"author":[{"embeddable":true,"href":"https:\/\/machupicchubookingperu.com\/index.php\/wp-json\/wp\/v2\/users\/1"}],"replies":[{"embeddable":true,"href":"https:\/\/machupicchubookingperu.com\/index.php\/wp-json\/wp\/v2\/comments?post=449"}],"version-history":[{"count":4,"href":"https:\/\/machupicchubookingperu.com\/index.php\/wp-json\/wp\/v2\/pages\/449\/revisions"}],"predecessor-version":[{"id":459,"href":"https:\/\/machupicchubookingperu.com\/index.php\/wp-json\/wp\/v2\/pages\/449\/revisions\/459"}],"wp:attachment":[{"href":"https:\/\/machupicchubookingperu.com\/index.php\/wp-json\/wp\/v2\/media?parent=449"}],"curies":[{"name":"wp","href":"https:\/\/api.w.org\/{rel}","templated":true}]}}