{"id":403,"date":"2026-04-14T18:27:35","date_gmt":"2026-04-14T16:27:35","guid":{"rendered":"https:\/\/machupicchubookingperu.com\/?page_id=403"},"modified":"2026-04-14T18:31:21","modified_gmt":"2026-04-14T16:31:21","slug":"cuatrimotos-maras-moray-1-2-dia","status":"publish","type":"page","link":"https:\/\/machupicchubookingperu.com\/index.php\/cuatrimotos-maras-moray-1-2-dia\/","title":{"rendered":"Cuatrimotos Maras Moray 1\/2 d\u00eda"},"content":{"rendered":"\n\n\n<h2 class=\"wp-block-heading\">Introducci\u00f3n:<\/h2>\n\n\n\n<p>\u00bfTienes poco tiempo y quieres vivir una aventura fuera de lo com\u00fan? Te ofrecemos el\u00a0<strong>Tour Maras Moray en cuatrimotos,<\/strong>\u00a0medio d\u00eda en el que podr\u00e1s descubrir la esencia del Valle Sagrado, sus centros arqueol\u00f3gicos, parte de sus pueblos andinos y visionarios espacios destinados a la agricultura, astronom\u00eda y avances del imperio Inca.<\/p>\n\n\n\n<h2 class=\"wp-block-heading\">ITINERARIO:<\/h2>\n\n\n\n<h3 class=\"wp-block-heading\"><strong>07:00: Recojo de hospedaje \u2013 Cruzpata \u2013 Moray \u2013 Salineras de Maras<\/strong><\/h3>\n\n\n\n<p>Este emocionante tour inicia a las 7:00 am, cuando un gu\u00eda profesional pasa por tu alojamiento en un vehiculo compartido con destino al poblado de Cruzpata. El recorrido dura aproximadamente 50 minutos, durante los cuales podr\u00e1s ir disfrutando la belleza paisaj\u00edstica y arquitect\u00f3nica del Valle Sagrado de los Incas.<\/p>\n\n\n\n<p>Una vez que lleguemos, se te dar\u00e1n instrucciones para el recorrido en cuatrimotos, tomando en consideraci\u00f3n especialmente la pr\u00e1ctica de algunas maniobras y el uso adecuado del equipo de seguridad.<\/p>\n\n\n\n<p>Llega el momento de vivir una aventura extrema en cuatro ruedas rumbo a&nbsp;<strong>Moray<\/strong>, sitio arqueol\u00f3gico que muestra la visionaria agro-tecnolog\u00eda Inca, en un ingenioso sistema de andenes circulares, donde se diversificaron los cultivos andinos en terrazas que reflejan la evoluci\u00f3n gen\u00e9tica de sus cosechas.&nbsp;Aqu\u00ed el gu\u00eda realizar\u00e1 una \u00fanica parada en lo alto de los andenes de aproximadamente 20 minutos para que puedas observarlos de manera panor\u00e1mica y tomar las mejores fotos. Una vez que hayamos visitado este atractivo, volveremos a la base de Cruzpara en cuatrimotos. El recorrido en cuatrimotos ser\u00e1 de 2 horas aproximadamente entre ida y vuelta.<\/p>\n\n\n\n<p>Luego de dejar los cuatrimotos, continuaremos el recorrido con destino a&nbsp;<strong>Maras<\/strong>, en un veh\u00edculo compartido con el grupo, para prevenir los riesgos viales en la ruta. En las Salineras de Maras conocer\u00e1s la explotaci\u00f3n artesanal de sal rosada, en m\u00e1s de 3 mil piscinas cavadas sobre una monta\u00f1a (3,380 msnm \/ 11,080 ft) empleando con el mismo m\u00e9todo artesanal que usaron los Incas.<\/p>\n\n\n\n<h3 class=\"wp-block-heading\"><strong>12:00 \u2013 13:00: Retorno a Cusco<\/strong><\/h3>\n\n\n\n<p>Tras conocer parte del&nbsp;<strong>Valle Sagrado de los Incas<\/strong>, corresponde regresar a Cusco, llegando aproximadamente a las 13:00 a la Plaza Regocijo (centro hist\u00f3rico de Cusco)<\/p>\n\n\n\n<p>En definitiva, el mejor regalo que le puedes dar a tu vida es llenarla de aventuras descubriendo nuevos destinos. \u00a1Genial que sea en cuatrimotos! Con la compa\u00f1\u00eda, gu\u00eda y experiencia de Guru Explorers.<\/p>\n\n\n\n<p><strong>Nota:&nbsp;<\/strong>Este tour esta disponible en turno ma\u00f1ana (7 am) y en turno tarde (1 pm).<\/p>\n\n\n\n<figure class=\"wp-block-gallery has-nested-images columns-default is-cropped wp-block-gallery-1 is-layout-flex wp-block-gallery-is-layout-flex\">\n<figure class=\"wp-block-image size-large\"><img loading=\"lazy\" decoding=\"async\" width=\"669\" height=\"446\" data-id=\"406\" src=\"https:\/\/machupicchubookingperu.com\/wp-content\/uploads\/2026\/04\/18-1.jpg\" alt=\"\" class=\"wp-image-406\" srcset=\"https:\/\/machupicchubookingperu.com\/wp-content\/uploads\/2026\/04\/18-1.jpg 669w, https:\/\/machupicchubookingperu.com\/wp-content\/uploads\/2026\/04\/18-1-300x200.jpg 300w\" sizes=\"(max-width: 669px) 100vw, 669px\" \/><\/figure>\n\n\n\n<figure class=\"wp-block-image size-large\"><img loading=\"lazy\" decoding=\"async\" width=\"674\" height=\"371\" data-id=\"407\" src=\"https:\/\/machupicchubookingperu.com\/wp-content\/uploads\/2026\/04\/ATV-MARAS-MORAY-1.jpg\" alt=\"\" class=\"wp-image-407\" srcset=\"https:\/\/machupicchubookingperu.com\/wp-content\/uploads\/2026\/04\/ATV-MARAS-MORAY-1.jpg 674w, https:\/\/machupicchubookingperu.com\/wp-content\/uploads\/2026\/04\/ATV-MARAS-MORAY-1-300x165.jpg 300w\" sizes=\"(max-width: 674px) 100vw, 674px\" \/><\/figure>\n\n\n\n<figure class=\"wp-block-image size-large\"><img loading=\"lazy\" decoding=\"async\" width=\"1024\" height=\"683\" data-id=\"408\" src=\"https:\/\/machupicchubookingperu.com\/wp-content\/uploads\/2026\/04\/caption-1-1024x683.jpg\" alt=\"\" class=\"wp-image-408\" srcset=\"https:\/\/machupicchubookingperu.com\/wp-content\/uploads\/2026\/04\/caption-1-1024x683.jpg 1024w, https:\/\/machupicchubookingperu.com\/wp-content\/uploads\/2026\/04\/caption-1-300x200.jpg 300w, https:\/\/machupicchubookingperu.com\/wp-content\/uploads\/2026\/04\/caption-1-768x512.jpg 768w, https:\/\/machupicchubookingperu.com\/wp-content\/uploads\/2026\/04\/caption-1.jpg 1200w\" sizes=\"(max-width: 1024px) 100vw, 1024px\" \/><\/figure>\n<\/figure>\n\n\n\n<p><strong>INCLUYE:<\/strong><\/p>\n\n\n\n<ul class=\"wp-block-list\">\n<li>Traslado desde el hospedaje en el Centro Hist\u00f3rico de Cusco. Algunas veces, el acceso es limitado por las calles angostas de la ciudad; de ser el caso, el gu\u00eda le sugerir\u00e1 un punto cercano para pasar busc\u00e1ndolos y caminar hacia el transporte. Nota: Este tour esta disponible en turno ma\u00f1ana (7 am) y en turno tarde (1 pm) En el caso del turno tarde, no incluye recojo desde su alojamiento y la salida se hace desde la Plaza Regocijo.<\/li>\n\n\n\n<li>Retorno a la Plaza Regocijo.<\/li>\n\n\n\n<li>Gu\u00eda profesional en ingl\u00e9s, espa\u00f1ol. (otros idiomas est\u00e1n disponibles en tours privados)<\/li>\n\n\n\n<li>Cuatrimoto y equipo (cascos y guantes) para el recorrido ida y vuelta a Moray.<\/li>\n<\/ul>\n\n\n\n<p><strong>NO INCLUYE:<\/strong><\/p>\n\n\n\n<ul class=\"wp-block-list\">\n<li>Traslado desde hoteles fuera de la ciudad de Cusco <\/li>\n\n\n\n<li>Seguro para la cuatrimoto.<\/li>\n\n\n\n<li>Propina para el gu\u00eda.<\/li>\n\n\n\n<li>Desayuno, almuerzo, cena u otra comida no especificada en el itinerario.<\/li>\n\n\n\n<li>Boleto Tur\u00edstico Parcial: BTC<\/li>\n\n\n\n<li>Boleto de Ingreso a Salineras: adultos y estudiantes: S\/20.00<\/li>\n<\/ul>\n\n\n<div class=\"wp-block-image\">\n<figure class=\"aligncenter size-full\"><a href=\"https:\/\/machupicchubookingperu.com\/index.php\/contact-us\/\" target=\"_blank\" rel=\" noreferrer noopener\"><img loading=\"lazy\" decoding=\"async\" width=\"300\" height=\"75\" src=\"https:\/\/machupicchubookingperu.com\/wp-content\/uploads\/2026\/04\/BOOK-NOW-7-6-3.png\" alt=\"\" class=\"wp-image-409\"\/><\/a><\/figure>\n<\/div>","protected":false},"excerpt":{"rendered":"<p>Introducci\u00f3n: \u00bfTienes poco tiempo y quieres vivir una aventura fuera de lo com\u00fan? Te ofrecemos el\u00a0Tour Maras Moray en cuatrimotos,\u00a0medio d\u00eda en el que podr\u00e1s descubrir la esencia del Valle Sagrado, sus centros arqueol\u00f3gicos, parte de sus pueblos andinos y visionarios espacios destinados a la agricultura, astronom\u00eda y avances del imperio Inca. ITINERARIO: 07:00: Recojo [&hellip;]<\/p>\n","protected":false},"author":1,"featured_media":0,"parent":0,"menu_order":0,"comment_status":"closed","ping_status":"closed","template":"","meta":{"saved_in_kubio":false,"_joinchat":[],"footnotes":""},"class_list":["post-403","page","type-page","status-publish","hentry"],"kubio_ai_page_context":{"short_desc":"","purpose":"general"},"_links":{"self":[{"href":"https:\/\/machupicchubookingperu.com\/index.php\/wp-json\/wp\/v2\/pages\/403","targetHints":{"allow":["GET"]}}],"collection":[{"href":"https:\/\/machupicchubookingperu.com\/index.php\/wp-json\/wp\/v2\/pages"}],"about":[{"href":"https:\/\/machupicchubookingperu.com\/index.php\/wp-json\/wp\/v2\/types\/page"}],"author":[{"embeddable":true,"href":"https:\/\/machupicchubookingperu.com\/index.php\/wp-json\/wp\/v2\/users\/1"}],"replies":[{"embeddable":true,"href":"https:\/\/machupicchubookingperu.com\/index.php\/wp-json\/wp\/v2\/comments?post=403"}],"version-history":[{"count":4,"href":"https:\/\/machupicchubookingperu.com\/index.php\/wp-json\/wp\/v2\/pages\/403\/revisions"}],"predecessor-version":[{"id":416,"href":"https:\/\/machupicchubookingperu.com\/index.php\/wp-json\/wp\/v2\/pages\/403\/revisions\/416"}],"wp:attachment":[{"href":"https:\/\/machupicchubookingperu.com\/index.php\/wp-json\/wp\/v2\/media?parent=403"}],"curies":[{"name":"wp","href":"https:\/\/api.w.org\/{rel}","templated":true}]}}